{"id":9,"date":"2024-09-20T15:13:10","date_gmt":"2024-09-20T13:13:10","guid":{"rendered":"http:\/\/expressoit.fr\/?page_id=9"},"modified":"2024-12-18T19:01:39","modified_gmt":"2024-12-18T18:01:39","slug":"accueil","status":"publish","type":"page","link":"https:\/\/expressoit.fr\/","title":{"rendered":"Accueil"},"content":{"rendered":"\n<h2 class=\"wp-block-heading\" style=\"padding-right:40px\">&#8220;<strong>Nous dynamisons votre entreprise avec des solutions IT rapides et fiables&#8221;<\/strong>, tout comme un expresso parfait&#8230;<\/h2>\n\n\n\n<div class=\"wp-block-media-text alignwide has-media-on-the-right is-stacked-on-mobile is-vertically-aligned-center\" style=\"grid-template-columns:auto 36%\"><div class=\"wp-block-media-text__content\">\n<p>Nous proposons des solutions IT sur mesure, rapides et fiables, allant de la <strong>cybers\u00e9curit\u00e9<\/strong> \u00e0 la <strong>supervision IT<\/strong> et \u00e0 <strong>l&#8217;optimisation des infrastructures.<\/strong><\/p>\n\n\n\n<p>Gr\u00e2ce \u00e0 notre expertise et \u00e0 notre approche conviviale, nous r\u00e9solvons vos d\u00e9fis techniques en un temps record, afin que vous puissiez vous concentrer sur ce qui compte le plus.<\/p>\n\n\n\n<p>Expresso IT \u2013 o\u00f9 chaque conversation autour d&#8217;un caf\u00e9 aboutit \u00e0 une solution concr\u00e8te.<\/p>\n<\/div><figure class=\"wp-block-media-text__media\"><img decoding=\"async\" src=\"http:\/\/expressoit.fr\/wp-content\/themes\/astra\/inc\/assets\/images\/starter-content\/about-us.jpg\" alt=\"\" class=\"wp-image-237 size-full\"\/><\/figure><\/div>\n\n\n\n<div class=\"wp-block-group alignfull has-ast-global-color-4-background-color has-background is-layout-constrained wp-container-core-group-is-layout-6a2cfb7b wp-block-group-is-layout-constrained\" id=\"reviews\">\n<figure class=\"wp-block-image aligncenter size-full is-resized\"><a href=\"https:\/\/expressoit.fr\/index.php\/galerie-protegee\/\" target=\"_blank\" rel=\" noreferrer noopener\"><img loading=\"lazy\" decoding=\"async\" width=\"216\" height=\"285\" src=\"https:\/\/expressoit.fr\/wp-content\/uploads\/2024\/10\/face.png\" alt=\"\" class=\"wp-image-98\" style=\"width:52px;height:auto\"\/><\/a><\/figure>\n\n\n\n<p class=\"has-text-align-center\" style=\"font-size:clamp(14.642px, 0.915rem + ((1vw - 3.2px) * 0.575), 22px);line-height:1.6\">&#8220;Le meilleur, c&#8217;est qu&#8217;autour d&#8217;un caf\u00e9, nous pouvons facilement travailler ensemble pour trouver des solutions IT efficaces et personnalis\u00e9es.&#8221;<\/p>\n\n\n\n<p class=\"has-text-align-center\"><strong>Eddy<\/strong><\/p>\n<\/div>\n\n\n\n<h2 class=\"wp-block-heading\">Pourquoi nous choisir ? <\/h2>\n\n\n\n<div class=\"wp-block-columns is-layout-flex wp-container-core-columns-is-layout-29aadeec wp-block-columns-is-layout-flex\" style=\"margin-top:60px\">\n<div class=\"wp-block-column is-vertically-aligned-top is-layout-flow wp-container-core-column-is-layout-6b73ce23 wp-block-column-is-layout-flow\">\n<figure class=\"wp-block-image size-large\"><img decoding=\"async\" src=\"http:\/\/expressoit.fr\/wp-content\/themes\/astra\/inc\/assets\/images\/starter-content\/passionate.svg\" alt=\"\" class=\"wp-image-162\"\/><\/figure>\n\n\n\n<h3 class=\"wp-block-heading\" style=\"margin-top:16px\">Passionn\u00e9<\/h3>\n\n\n\n<p>R\u00e9soudre des d\u00e9fis IT complexes tels que la cybers\u00e9curit\u00e9, la gestion des infrastructures ou la supervision IT est au c\u0153ur de notre mission.<\/p>\n\n\n\n<p>De l&#8217;optimisation des syst\u00e8mes \u00e0 la fourniture de solutions personnalis\u00e9es pour nos clients, notre objectif est de rendre la technologie plus accessible et performante.<\/p>\n\n\n\n<p>Chaque projet repr\u00e9sente une opportunit\u00e9 de transformer des d\u00e9fis en succ\u00e8s.<\/p>\n<\/div>\n\n\n\n<div class=\"wp-block-column is-layout-flow wp-container-core-column-is-layout-6b73ce23 wp-block-column-is-layout-flow\">\n<figure class=\"wp-block-image size-large\"><img decoding=\"async\" src=\"http:\/\/expressoit.fr\/wp-content\/themes\/astra\/inc\/assets\/images\/starter-content\/professional.svg\" alt=\"\" class=\"wp-image-163\"\/><\/figure>\n\n\n\n<h3 class=\"wp-block-heading\" style=\"margin-top:16px\">Professionel<\/h3>\n\n\n\n<p>Solutions IT de haute qualit\u00e9, alliant pr\u00e9cision et efficacit\u00e9, que ce soit pour la cybers\u00e9curit\u00e9, la gestion des infrastructures ou la supervision IT. Ax\u00e9s sur la fiabilit\u00e9 et la satisfaction client, chaque projet est men\u00e9 avec un engagement envers l&#8217;excellence, garantissant l&#8217;optimisation des syst\u00e8mes et la r\u00e9solution rapide des d\u00e9fis.<\/p>\n\n\n\n<p>Notre objectif est de fournir constamment un service de niveau expert, alignant la technologie avec les besoins uniques de chaque client.<\/p>\n<\/div>\n\n\n\n<div class=\"wp-block-column is-layout-flow wp-container-core-column-is-layout-6b73ce23 wp-block-column-is-layout-flow\">\n<figure class=\"wp-block-image size-large\"><img decoding=\"async\" src=\"http:\/\/expressoit.fr\/wp-content\/themes\/astra\/inc\/assets\/images\/starter-content\/support.svg\" alt=\"\" class=\"wp-image-164\"\/><\/figure>\n\n\n\n<h3 class=\"wp-block-heading\" style=\"margin-top:16px\">Support<\/h3>\n\n\n\n<p>Notre support consiste \u00e0 fournir une assistance constante et fiable, adapt\u00e9e aux besoins informatiques uniques de chaque client.<\/p>\n\n\n\n<p>Que ce soit pour r\u00e9soudre des probl\u00e8mes techniques, offrir des conseils sur l&#8217;optimisation des infrastructures ou garantir la mise en place de mesures de cybers\u00e9curit\u00e9, l&#8217;accent est mis sur une communication claire et une r\u00e9solution rapide des probl\u00e8mes.<\/p>\n\n\n\n<p>Avec une approche proactive, l&#8217;objectif est d&#8217;anticiper les d\u00e9fis et de fournir le support n\u00e9cessaire pour maintenir les syst\u00e8mes en fonctionnement de mani\u00e8re fluide et efficace, permettant ainsi aux clients de se concentrer sur leurs op\u00e9rations commerciales principales.<\/p>\n<\/div>\n<\/div>\n","protected":false},"excerpt":{"rendered":"<p>&#8220;Nous dynamisons votre entreprise avec des solutions IT rapides et fiables&#8221;, tout comme un expresso parfait&#8230; Nous proposons des solutions IT sur mesure, rapides et fiables, allant de la cybers\u00e9curit\u00e9 \u00e0 la supervision IT et \u00e0 l&#8217;optimisation des infrastructures. Gr\u00e2ce \u00e0 notre expertise et \u00e0 notre approche conviviale, nous r\u00e9solvons vos d\u00e9fis techniques en un [&hellip;]<\/p>\n","protected":false},"author":1,"featured_media":0,"parent":0,"menu_order":0,"comment_status":"closed","ping_status":"closed","template":"","meta":{"footnotes":""},"class_list":["post-9","page","type-page","status-publish","hentry"],"blocksy_meta":[],"_links":{"self":[{"href":"https:\/\/expressoit.fr\/index.php\/wp-json\/wp\/v2\/pages\/9","targetHints":{"allow":["GET"]}}],"collection":[{"href":"https:\/\/expressoit.fr\/index.php\/wp-json\/wp\/v2\/pages"}],"about":[{"href":"https:\/\/expressoit.fr\/index.php\/wp-json\/wp\/v2\/types\/page"}],"author":[{"embeddable":true,"href":"https:\/\/expressoit.fr\/index.php\/wp-json\/wp\/v2\/users\/1"}],"replies":[{"embeddable":true,"href":"https:\/\/expressoit.fr\/index.php\/wp-json\/wp\/v2\/comments?post=9"}],"version-history":[{"count":25,"href":"https:\/\/expressoit.fr\/index.php\/wp-json\/wp\/v2\/pages\/9\/revisions"}],"predecessor-version":[{"id":193,"href":"https:\/\/expressoit.fr\/index.php\/wp-json\/wp\/v2\/pages\/9\/revisions\/193"}],"wp:attachment":[{"href":"https:\/\/expressoit.fr\/index.php\/wp-json\/wp\/v2\/media?parent=9"}],"curies":[{"name":"wp","href":"https:\/\/api.w.org\/{rel}","templated":true}]}}