{"id":2,"date":"2024-09-20T14:41:34","date_gmt":"2024-09-20T12:41:34","guid":{"rendered":"http:\/\/expressoit.fr\/?page_id=2"},"modified":"2024-10-06T18:06:23","modified_gmt":"2024-10-06T16:06:23","slug":"services","status":"publish","type":"page","link":"https:\/\/expressoit.fr\/index.php\/services\/","title":{"rendered":"Services"},"content":{"rendered":"\n<div class=\"wp-block-columns is-layout-flex wp-container-core-columns-is-layout-29aadeec wp-block-columns-is-layout-flex\" style=\"margin-top:60px\">\n<div class=\"wp-block-column is-vertically-aligned-top is-layout-flow wp-container-core-column-is-layout-6b73ce23 wp-block-column-is-layout-flow\">\n<h3 class=\"wp-block-heading has-text-align-center\" style=\"margin-top:16px\">Cybers\u00e9curit\u00e9<\/h3>\n\n\n\n<figure class=\"wp-block-image aligncenter size-large is-resized\"><img loading=\"lazy\" decoding=\"async\" width=\"1024\" height=\"949\" src=\"http:\/\/expressoit.fr\/wp-content\/uploads\/2024\/09\/undraw_Conversation_re_c26v-1-1024x949.png\" alt=\"\" class=\"wp-image-83\" style=\"width:200px;height:auto\" srcset=\"https:\/\/expressoit.fr\/wp-content\/uploads\/2024\/09\/undraw_Conversation_re_c26v-1-1024x949.png 1024w, https:\/\/expressoit.fr\/wp-content\/uploads\/2024\/09\/undraw_Conversation_re_c26v-1-300x278.png 300w, https:\/\/expressoit.fr\/wp-content\/uploads\/2024\/09\/undraw_Conversation_re_c26v-1-768x712.png 768w, https:\/\/expressoit.fr\/wp-content\/uploads\/2024\/09\/undraw_Conversation_re_c26v-1.png 1082w\" sizes=\"auto, (max-width: 1024px) 100vw, 1024px\" \/><\/figure>\n\n\n\n<p>S\u00e9curisation des syst\u00e8mes, gestion des risques, audit de s\u00e9curit\u00e9. <\/p>\n<\/div>\n\n\n\n<div class=\"wp-block-column is-layout-flow wp-container-core-column-is-layout-6b73ce23 wp-block-column-is-layout-flow\">\n<h3 class=\"wp-block-heading has-text-align-center\" style=\"margin-top:16px\">Supervision <\/h3>\n\n\n\n<figure class=\"wp-block-image aligncenter size-large is-resized\"><img loading=\"lazy\" decoding=\"async\" width=\"1024\" height=\"724\" src=\"http:\/\/expressoit.fr\/wp-content\/uploads\/2024\/09\/undraw_Surveillance_re_8tkl-1024x724.png\" alt=\"\" class=\"wp-image-86\" style=\"width:231px;height:auto\" srcset=\"https:\/\/expressoit.fr\/wp-content\/uploads\/2024\/09\/undraw_Surveillance_re_8tkl-1024x724.png 1024w, https:\/\/expressoit.fr\/wp-content\/uploads\/2024\/09\/undraw_Surveillance_re_8tkl-300x212.png 300w, https:\/\/expressoit.fr\/wp-content\/uploads\/2024\/09\/undraw_Surveillance_re_8tkl-768x543.png 768w, https:\/\/expressoit.fr\/wp-content\/uploads\/2024\/09\/undraw_Surveillance_re_8tkl.png 1151w\" sizes=\"auto, (max-width: 1024px) 100vw, 1024px\" \/><\/figure>\n\n\n\n<p>Surveillance proactive des infrastructures pour \u00e9viter les pannes.<\/p>\n<\/div>\n\n\n\n<div class=\"wp-block-column is-layout-flow wp-container-core-column-is-layout-6b73ce23 wp-block-column-is-layout-flow\">\n<h3 class=\"wp-block-heading has-text-align-center\" style=\"margin-top:16px\">Maintenance<\/h3>\n\n\n\n<figure class=\"wp-block-image aligncenter size-large\"><img loading=\"lazy\" decoding=\"async\" width=\"1024\" height=\"737\" src=\"http:\/\/expressoit.fr\/wp-content\/uploads\/2024\/09\/undraw_secure_files_re_6vdh-1024x737.png\" alt=\"\" class=\"wp-image-84\" srcset=\"https:\/\/expressoit.fr\/wp-content\/uploads\/2024\/09\/undraw_secure_files_re_6vdh-1024x737.png 1024w, https:\/\/expressoit.fr\/wp-content\/uploads\/2024\/09\/undraw_secure_files_re_6vdh-300x216.png 300w, https:\/\/expressoit.fr\/wp-content\/uploads\/2024\/09\/undraw_secure_files_re_6vdh-768x553.png 768w, https:\/\/expressoit.fr\/wp-content\/uploads\/2024\/09\/undraw_secure_files_re_6vdh.png 1107w\" sizes=\"auto, (max-width: 1024px) 100vw, 1024px\" \/><\/figure>\n\n\n\n<p>Support continu pour garantir la stabilit\u00e9 de vos syst\u00e8mes. <\/p>\n<\/div>\n<\/div>\n","protected":false},"excerpt":{"rendered":"<p>Cybers\u00e9curit\u00e9 S\u00e9curisation des syst\u00e8mes, gestion des risques, audit de s\u00e9curit\u00e9. Supervision Surveillance proactive des infrastructures pour \u00e9viter les pannes. Maintenance Support continu pour garantir la stabilit\u00e9 de vos syst\u00e8mes.<\/p>\n","protected":false},"author":1,"featured_media":0,"parent":0,"menu_order":0,"comment_status":"closed","ping_status":"closed","template":"","meta":{"footnotes":""},"class_list":["post-2","page","type-page","status-publish","hentry"],"blocksy_meta":[],"_links":{"self":[{"href":"https:\/\/expressoit.fr\/index.php\/wp-json\/wp\/v2\/pages\/2","targetHints":{"allow":["GET"]}}],"collection":[{"href":"https:\/\/expressoit.fr\/index.php\/wp-json\/wp\/v2\/pages"}],"about":[{"href":"https:\/\/expressoit.fr\/index.php\/wp-json\/wp\/v2\/types\/page"}],"author":[{"embeddable":true,"href":"https:\/\/expressoit.fr\/index.php\/wp-json\/wp\/v2\/users\/1"}],"replies":[{"embeddable":true,"href":"https:\/\/expressoit.fr\/index.php\/wp-json\/wp\/v2\/comments?post=2"}],"version-history":[{"count":2,"href":"https:\/\/expressoit.fr\/index.php\/wp-json\/wp\/v2\/pages\/2\/revisions"}],"predecessor-version":[{"id":103,"href":"https:\/\/expressoit.fr\/index.php\/wp-json\/wp\/v2\/pages\/2\/revisions\/103"}],"wp:attachment":[{"href":"https:\/\/expressoit.fr\/index.php\/wp-json\/wp\/v2\/media?parent=2"}],"curies":[{"name":"wp","href":"https:\/\/api.w.org\/{rel}","templated":true}]}}